{"id":1300,"date":"2018-08-24T12:44:28","date_gmt":"2018-08-24T12:44:28","guid":{"rendered":"http:\/\/congregaciondesantacruz.cl\/new\/?page_id=1300"},"modified":"2018-08-24T13:09:25","modified_gmt":"2018-08-24T13:09:25","slug":"la-cruz-nuestra-unica-esperanza","status":"publish","type":"page","link":"http:\/\/congregaciondesantacruz.cl\/new\/la-cruz-nuestra-unica-esperanza\/","title":{"rendered":"La Cruz Nuestra \u00danica Esperanza"},"content":{"rendered":"<p>[et_pb_section bb_built=\u00bb1&#8243; admin_label=\u00bbsection\u00bb custom_padding_last_edited=\u00bbon|phone\u00bb _builder_version=\u00bb3.0.106&#8243; custom_margin=\u00bb|||\u00bb custom_padding=\u00bb0px|||\u00bb custom_padding_tablet=\u00bb0px|||\u00bb custom_padding_phone=\u00bb0px|||\u00bb][et_pb_row custom_padding=\u00bb|||30px\u00bb custom_padding_tablet=\u00bb|||1px\u00bb custom_padding_phone=\u00bb|||5px\u00bb padding_right_1=\u00bb50px\u00bb padding_1_tablet=\u00bb|0px||\u00bb padding_1_phone=\u00bb|0px||\u00bb padding_1_last_edited=\u00bbon|tablet\u00bb module_class_2=\u00bbcolumnaDos\u00bb custom_padding_last_edited=\u00bbon|phone\u00bb _builder_version=\u00bb3.0.106&#8243; custom_margin_last_edited=\u00bbon|phone\u00bb][et_pb_column type=\u00bb1_4&#8243;][et_pb_sidebar admin_label=\u00bbBarra lateral QS\u00bb area=\u00bbet_pb_widget_area_1&#8243; _builder_version=\u00bb3.12&#8243; header_text_align=\u00bbleft\u00bb header_font_size=\u00bb15&#8243; header_text_color=\u00bb#c39d63&#8243; text_orientation=\u00bbleft\u00bb disabled=\u00bboff\u00bb disabled_on=\u00bbon|on|\u00bb \/][\/et_pb_column][et_pb_column type=\u00bb1_2&#8243;][et_pb_post_title meta=\u00bboff\u00bb featured_image=\u00bboff\u00bb _builder_version=\u00bb3.0.106&#8243; \/][et_pb_divider color=\u00bb#c39d63&#8243; show_divider=\u00bbon\u00bb divider_weight=\u00bb3px\u00bb height=\u00bb20px\u00bb _builder_version=\u00bb3.0.106&#8243; max_width=\u00bb60px\u00bb module_alignment=\u00bbleft\u00bb custom_margin=\u00bb|||\u00bb custom_padding=\u00bb|||\u00bb global_module=\u00bb409&#8243; saved_tabs=\u00bball\u00bb locked=\u00bboff\u00bb \/][et_pb_text disabled_on=\u00bboff|off|off\u00bb _builder_version=\u00bb3.12&#8243; text_font_size_tablet=\u00bb12px\u00bb text_font_size_last_edited=\u00bbon|phone\u00bb text_line_height_tablet=\u00bb1.5em\u00bb text_line_height_phone=\u00bb1.4em\u00bb text_line_height_last_edited=\u00bbon|tablet\u00bb text_orientation=\u00bbjustified\u00bb]<\/p>\n<p>Nuestra fidelidad a Dios, como la de Cristo mismo, a menudo trae consigo el dolor y la cruz, pero junto con Cristo estamos seguros tambi\u00e9n de que nos conducen a la resurrecci\u00f3n.\u00a0 Es el camino de Jes\u00fas y el camino del Evangelio.<\/p>\n<p>Este es otro de los pilares para desarrollar nuestra espiritualidad. Pilar que nuestro fundador experiment\u00f3 en su vida, y que nos leg\u00f3 en el lema de nuestra congregaci\u00f3n: \u201cLA CRUZ NUESTRA UNICA ESPERANZA\u201d, lema simbolizado por nuestro escudo con la Cruz y las Anclas, ya que las anclas eran para la Iglesia primitiva s\u00edmbolo de seguridad por ello de esperanza.\u00a0 \u00a0Por ello adem\u00e1s dej\u00f3 a Nuestra Se\u00f1ora de los Dolores, a la Madre al pie de la Cruz, como nuestra patrona y protectora.<\/p>\n<p>El dolor y la muerte son una parte de nuestra vida que nos pesa, y nuestra espiritualidad nos llama a reconocer y enfrentar esa realidad.\u00a0 Sin embargo, desde la Cruz de Cristo, sabemos que junto a ellos viene la resurrecci\u00f3n y el crecimiento.\u00a0 Vivimos, como Cristo una existencia pascual, en la cual, el dolor y una vida nueva, se entremezclan en un tejido que nos conduce al encuentro pleno con Dios en nuestra resurrecci\u00f3n.<\/p>\n<p>Es la l\u00f3gica del Evangelio que choca con la l\u00f3gica de nuestra sociedad de consumo, y que solo puede ser entendida desde la sencillez del que se reconoce necesitado del amor de Dios y de los dem\u00e1s.\u00a0 Es un aparente sin sentido del dolor y de la Cruz, pero desde la fe podemos afirmar con Basilio Moreau que: \u201ctoda ense\u00f1anza de Evangelio se resume en el conocimiento de la locura de la Cruz\u201d (Carta Circular 79 de 1857).<\/p>\n<p>[\/et_pb_text][et_pb_divider color=\u00bb#c39d63&#8243; show_divider=\u00bbon\u00bb divider_weight=\u00bb3px\u00bb height=\u00bb20px\u00bb _builder_version=\u00bb3.0.106&#8243; max_width=\u00bb60px\u00bb module_alignment=\u00bbleft\u00bb custom_margin=\u00bb|||\u00bb custom_padding=\u00bb|||\u00bb global_module=\u00bb409&#8243; saved_tabs=\u00bball\u00bb locked=\u00bboff\u00bb \/][\/et_pb_column][et_pb_column type=\u00bb1_4&#8243;][et_pb_sidebar orientation=\u00bbright\u00bb area=\u00bbsidebar-1&#8243; disabled_on=\u00bbon|on|off\u00bb _builder_version=\u00bb3.0.106&#8243; header_font=\u00bb|||on|||||\u00bb header_font_size=\u00bb15px\u00bb header_text_color=\u00bb#c39d63&#8243; body_font=\u00bb||||||||\u00bb body_line_height=\u00bb1.5em\u00bb global_module=\u00bb382&#8243; saved_tabs=\u00bball\u00bb \/][\/et_pb_column][\/et_pb_row][\/et_pb_section]<\/p>\n","protected":false},"excerpt":{"rendered":"<p>[et_pb_section bb_built=\u00bb1&#8243; admin_label=\u00bbsection\u00bb custom_padding_last_edited=\u00bbon|phone\u00bb _builder_version=\u00bb3.0.106&#8243; custom_margin=\u00bb|||\u00bb custom_padding=\u00bb0px|||\u00bb custom_padding_tablet=\u00bb0px|||\u00bb custom_padding_phone=\u00bb0px|||\u00bb][et_pb_row custom_padding=\u00bb|||30px\u00bb custom_padding_tablet=\u00bb|||1px\u00bb custom_padding_phone=\u00bb|||5px\u00bb padding_right_1=\u00bb50px\u00bb padding_1_tablet=\u00bb|0px||\u00bb padding_1_phone=\u00bb|0px||\u00bb padding_1_last_edited=\u00bbon|tablet\u00bb module_class_2=\u00bbcolumnaDos\u00bb custom_padding_last_edited=\u00bbon|phone\u00bb _builder_version=\u00bb3.0.106&#8243; custom_margin_last_edited=\u00bbon|phone\u00bb][et_pb_column type=\u00bb1_4&#8243;][et_pb_sidebar admin_label=\u00bbBarra lateral QS\u00bb area=\u00bbet_pb_widget_area_1&#8243; _builder_version=\u00bb3.12&#8243; header_text_align=\u00bbleft\u00bb header_font_size=\u00bb15&#8243; header_text_color=\u00bb#c39d63&#8243; text_orientation=\u00bbleft\u00bb disabled=\u00bboff\u00bb disabled_on=\u00bbon|on|\u00bb \/][\/et_pb_column][et_pb_column type=\u00bb1_2&#8243;][et_pb_post_title meta=\u00bboff\u00bb featured_image=\u00bboff\u00bb _builder_version=\u00bb3.0.106&#8243; \/][et_pb_divider color=\u00bb#c39d63&#8243; show_divider=\u00bbon\u00bb divider_weight=\u00bb3px\u00bb height=\u00bb20px\u00bb _builder_version=\u00bb3.0.106&#8243; max_width=\u00bb60px\u00bb module_alignment=\u00bbleft\u00bb custom_margin=\u00bb|||\u00bb custom_padding=\u00bb|||\u00bb global_module=\u00bb409&#8243; saved_tabs=\u00bball\u00bb locked=\u00bboff\u00bb \/][et_pb_text disabled_on=\u00bboff|off|off\u00bb _builder_version=\u00bb3.12&#8243; text_font_size_tablet=\u00bb12px\u00bb text_font_size_last_edited=\u00bbon|phone\u00bb [&hellip;]<\/p>\n","protected":false},"author":1,"featured_media":0,"parent":0,"menu_order":0,"comment_status":"closed","ping_status":"closed","template":"","meta":{"_et_pb_use_builder":"on","_et_pb_old_content":""},"_links":{"self":[{"href":"http:\/\/congregaciondesantacruz.cl\/new\/wp-json\/wp\/v2\/pages\/1300"}],"collection":[{"href":"http:\/\/congregaciondesantacruz.cl\/new\/wp-json\/wp\/v2\/pages"}],"about":[{"href":"http:\/\/congregaciondesantacruz.cl\/new\/wp-json\/wp\/v2\/types\/page"}],"author":[{"embeddable":true,"href":"http:\/\/congregaciondesantacruz.cl\/new\/wp-json\/wp\/v2\/users\/1"}],"replies":[{"embeddable":true,"href":"http:\/\/congregaciondesantacruz.cl\/new\/wp-json\/wp\/v2\/comments?post=1300"}],"version-history":[{"count":2,"href":"http:\/\/congregaciondesantacruz.cl\/new\/wp-json\/wp\/v2\/pages\/1300\/revisions"}],"predecessor-version":[{"id":1311,"href":"http:\/\/congregaciondesantacruz.cl\/new\/wp-json\/wp\/v2\/pages\/1300\/revisions\/1311"}],"wp:attachment":[{"href":"http:\/\/congregaciondesantacruz.cl\/new\/wp-json\/wp\/v2\/media?parent=1300"}],"curies":[{"name":"wp","href":"https:\/\/api.w.org\/{rel}","templated":true}]}}