{"id":454,"date":"2018-07-19T22:06:41","date_gmt":"2018-07-19T22:06:41","guid":{"rendered":"http:\/\/congregaciondesantacruz.cl\/new\/?page_id=454"},"modified":"2025-07-03T22:12:05","modified_gmt":"2025-07-03T22:12:05","slug":"colegios","status":"publish","type":"page","link":"http:\/\/congregaciondesantacruz.cl\/new\/colegios\/","title":{"rendered":"Colegios"},"content":{"rendered":"<p>[et_pb_section fb_built=\u00bb1&#8243; custom_padding_last_edited=\u00bbon|phone\u00bb admin_label=\u00bbsection\u00bb _builder_version=\u00bb3.22&#8243; custom_margin=\u00bb|||\u00bb custom_padding=\u00bb0px|||\u00bb custom_padding_tablet=\u00bb0px|||\u00bb custom_padding_phone=\u00bb0px|||\u00bb fb_built=\u00bb1&#8243; bb_built=\u00bb1&#8243; _i=\u00bb0&#8243; _address=\u00bb0&#8243;][et_pb_row column_structure=\u00bb1_4,1_2,1_4&#8243; custom_padding_last_edited=\u00bbon|phone\u00bb _builder_version=\u00bb3.25&#8243; custom_margin_last_edited=\u00bbon|phone\u00bb custom_padding=\u00bb|||30px\u00bb custom_padding_tablet=\u00bb|||1px\u00bb custom_padding_phone=\u00bb|||5px\u00bb _i=\u00bb0&#8243; _address=\u00bb0.0&#8243;][et_pb_column type=\u00bb1_4&#8243; _builder_version=\u00bb3.25&#8243; custom_padding=\u00bb|50px||\u00bb custom_padding_tablet=\u00bb|0px||\u00bb custom_padding_phone=\u00bb|0px||\u00bb custom_padding_last_edited=\u00bbon|tablet\u00bb _i=\u00bb0&#8243; _address=\u00bb0.0.0&#8243; custom_padding__hover=\u00bb|||\u00bb][et_pb_sidebar area=\u00bbet_pb_widget_area_2&#8243; disabled_on=\u00bbon|on|off\u00bb admin_label=\u00bbBarra lateral vocaciones\u00bb _builder_version=\u00bb3.29.3&#8243; header_text_align=\u00bbleft\u00bb header_text_color=\u00bb#c39d63&#8243; header_font_size=\u00bb15&#8243; text_orientation=\u00bbleft\u00bb _i=\u00bb0&#8243; _address=\u00bb0.0.0.0&#8243;]<br \/>\n[\/et_pb_sidebar][\/et_pb_column][et_pb_column type=\u00bb1_2&#8243; module_class=\u00bbcolumnaDos\u00bb _builder_version=\u00bb3.25&#8243; custom_padding=\u00bb|||\u00bb _i=\u00bb1&#8243; _address=\u00bb0.0.1&#8243; custom_padding__hover=\u00bb|||\u00bb][et_pb_post_title meta=\u00bboff\u00bb featured_image=\u00bboff\u00bb _builder_version=\u00bb3.0.106&#8243; _i=\u00bb0&#8243; _address=\u00bb0.0.1.0&#8243;]<br \/>\n[\/et_pb_post_title][et_pb_divider color=\u00bb#c39d63&#8243; divider_weight=\u00bb3px\u00bb _builder_version=\u00bb3.2&#8243; max_width=\u00bb60px\u00bb module_alignment=\u00bbleft\u00bb height=\u00bb20px\u00bb custom_margin=\u00bb|||\u00bb custom_padding=\u00bb|||\u00bb global_module=\u00bb409&#8243; saved_tabs=\u00bball\u00bb locked=\u00bboff\u00bb _i=\u00bb1&#8243; _address=\u00bb0.0.1.1&#8243;]<\/p>\n<p>\u00a0<\/p>\n<p>[\/et_pb_divider][et_pb_text disabled_on=\u00bboff|off|off\u00bb _builder_version=\u00bb3.29.3&#8243; text_orientation=\u00bbjustified\u00bb hover_enabled=\u00bb0&#8243; text_font_size_tablet=\u00bb12px\u00bb text_font_size_last_edited=\u00bbon|phone\u00bb text_line_height_tablet=\u00bb1.5em\u00bb text_line_height_phone=\u00bb1.4em\u00bb text_line_height_last_edited=\u00bbon|tablet\u00bb _i=\u00bb2&#8243; _address=\u00bb0.0.1.2&#8243;]<\/p>\n<p><img loading=\"lazy\" class=\"alignleft wp-image-828\" src=\"http:\/\/congregaciondesantacruz.cl\/new\/wp-content\/uploads\/2018\/07\/saint-george.png\" alt=\"\" width=\"100\" height=\"100\" srcset=\"http:\/\/congregaciondesantacruz.cl\/new\/wp-content\/uploads\/2018\/07\/saint-george.png 220w, http:\/\/congregaciondesantacruz.cl\/new\/wp-content\/uploads\/2018\/07\/saint-george-150x150.png 150w\" sizes=\"(max-width: 100px) 100vw, 100px\" \/><\/p>\n<p>Saint George\u00b4s College<br \/> <a href=\"http:\/\/www.saintgeorge.cl\/\" target=\"_blank\" rel=\"noopener noreferrer\">http:\/\/www.saintgeorge.cl\/<\/a><\/p>\n<p>&nbsp;<\/p>\n<p>&nbsp;<\/p>\n<p><img loading=\"lazy\" class=\"alignleft wp-image-829\" src=\"http:\/\/congregaciondesantacruz.cl\/new\/wp-content\/uploads\/2018\/07\/colegio-Andacollo.png\" alt=\"\" width=\"100\" height=\"101\" srcset=\"http:\/\/congregaciondesantacruz.cl\/new\/wp-content\/uploads\/2018\/07\/colegio-Andacollo.png 223w, http:\/\/congregaciondesantacruz.cl\/new\/wp-content\/uploads\/2018\/07\/colegio-Andacollo-150x150.png 150w\" sizes=\"(max-width: 100px) 100vw, 100px\" \/><\/p>\n<p>Colegio Nuestra Se\u00f1ora de Andacollo<br \/> <a href=\"http:\/\/www.cnsa.cl\/\" target=\"_blank\" rel=\"noopener noreferrer\">http:\/\/www.cnsa.cl\/<\/a><\/p>\n<p>&nbsp;<\/p>\n<p>&nbsp;<\/p>\n<p><img loading=\"lazy\" class=\"alignleft wp-image-1468\" src=\"http:\/\/congregaciondesantacruz.cl\/new\/wp-content\/uploads\/2019\/01\/colegio-Fe-y-alegria.jpg\" alt=\"\" width=\"100\" height=\"100\" \/><\/p>\n<p>Colegio Fe y Alegr\u00eda<br \/> <a href=\"http:\/\/www.facebook.com\/Fe-y-Alegria-25\" target=\"_blank\" rel=\"noopener noreferrer\">www.facebook.com\/Fe-y-Alegria-25<\/a><br \/> <a href=\"http:\/\/www.facebook.com\/Pastoral-Fe-y-Alegria-25\">www.facebook.com\/Pastoral-Fe-y-Alegria-25<\/a><\/p>\n<p>&nbsp;<\/p>\n<p>&nbsp;<\/p>\n<p>[\/et_pb_text][et_pb_text disabled_on=\u00bboff|off|off\u00bb _builder_version=\u00bb3.27.4&#8243; text_orientation=\u00bbjustified\u00bb text_font_size_tablet=\u00bb12px\u00bb text_font_size_last_edited=\u00bbon|phone\u00bb text_line_height_tablet=\u00bb1.5em\u00bb text_line_height_phone=\u00bb1.4em\u00bb text_line_height_last_edited=\u00bbon|tablet\u00bb _i=\u00bb3&#8243; _address=\u00bb0.0.1.3&#8243;]<\/p>\n<p><span class=\"texto\">La educaci\u00f3n es parte de la irreemplazable misi\u00f3n de Santa Cruz transmitir la convicci\u00f3n institucional de que los establecimientos educacionales cat\u00f3licos existen, no s\u00f3lo para educar, sino tambi\u00e9n para santificar.\u00a0 Nuestros colegios no est\u00e1n s\u00f3lo dedicados a tener \u00e9xito, sino a producir una honda conversi\u00f3n.\u00a0 El beato P. Basilio Moreau cre\u00eda, con gran sabidur\u00eda, que nuestros colegios, si permanec\u00edan leales a los contenidos de la fe, pod\u00edan lograr grandes cosas para Dios y para el pr\u00f3jimo en el campo educacional. Los colegios de Santa Cruz est\u00e1n llamados a ser un signo para este mundo, atrevi\u00e9ndose a vivir de acuerdo a la imagen y semejanza del Dios trino.<\/span><\/p>\n<p><span class=\"texto\">Como escrib\u00eda el Padre Moreau a su familia religiosa, en su estilo caracter\u00edstico: \u201cNuestra comunidad y nuestros colegios deben estar siempre formados a la imagen misma de la Trinidad.\u00a0 En Dios hay una comunidad de personas, pero todas forman un solo ser.\u00a0 As\u00ed, todos nuestros afectos, nuestros deseos, todo nuestro trabajo y acci\u00f3n, todo deber\u00eda conducir a la misma voluntad.\u201d<\/span><\/p>\n<p>[\/et_pb_text][et_pb_divider color=\u00bb#c39d63&#8243; divider_weight=\u00bb3px\u00bb _builder_version=\u00bb3.2&#8243; max_width=\u00bb60px\u00bb module_alignment=\u00bbleft\u00bb height=\u00bb20px\u00bb custom_margin=\u00bb|||\u00bb custom_padding=\u00bb|||\u00bb global_module=\u00bb409&#8243; saved_tabs=\u00bball\u00bb locked=\u00bboff\u00bb _i=\u00bb1&#8243; _address=\u00bb0.0.1.1&#8243;]<\/p>\n<p>\u00a0<\/p>\n<p>[\/et_pb_divider][\/et_pb_column][et_pb_column type=\u00bb1_4&#8243; _builder_version=\u00bb3.25&#8243; custom_padding=\u00bb|||\u00bb _i=\u00bb2&#8243; _address=\u00bb0.0.2&#8243; custom_padding__hover=\u00bb|||\u00bb][et_pb_sidebar orientation=\u00bbright\u00bb area=\u00bbsidebar-1&#8243; disabled_on=\u00bbon|on|off\u00bb _builder_version=\u00bb3.29.3&#8243; header_font=\u00bb|||on|||||\u00bb header_text_color=\u00bb#c39d63&#8243; header_font_size=\u00bb15px\u00bb body_font=\u00bb||||||||\u00bb body_line_height=\u00bb1.5em\u00bb global_module=\u00bb382&#8243; saved_tabs=\u00bball\u00bb _i=\u00bb0&#8243; _address=\u00bb0.0.2.0&#8243;][\/et_pb_sidebar][\/et_pb_column][\/et_pb_row][\/et_pb_section][et_pb_section fb_built=\u00bb1&#8243; custom_padding_last_edited=\u00bbon|phone\u00bb admin_label=\u00bbsection\u00bb _builder_version=\u00bb3.22&#8243; custom_margin=\u00bb|||\u00bb custom_padding=\u00bb0px|||\u00bb custom_padding_tablet=\u00bb0px|||\u00bb custom_padding_phone=\u00bb0px|||\u00bb fb_built=\u00bb1&#8243; bb_built=\u00bb1&#8243; _i=\u00bb1&#8243; _address=\u00bb1&#8243;][\/et_pb_section]<\/p>\n","protected":false},"excerpt":{"rendered":"<p>[et_pb_section fb_built=\u00bb1&#8243; custom_padding_last_edited=\u00bbon|phone\u00bb admin_label=\u00bbsection\u00bb _builder_version=\u00bb3.22&#8243; custom_margin=\u00bb|||\u00bb custom_padding=\u00bb0px|||\u00bb custom_padding_tablet=\u00bb0px|||\u00bb custom_padding_phone=\u00bb0px|||\u00bb fb_built=\u00bb1&#8243; bb_built=\u00bb1&#8243; _i=\u00bb0&#8243; _address=\u00bb0&#8243;][et_pb_row column_structure=\u00bb1_4,1_2,1_4&#8243; custom_padding_last_edited=\u00bbon|phone\u00bb _builder_version=\u00bb3.25&#8243; custom_margin_last_edited=\u00bbon|phone\u00bb custom_padding=\u00bb|||30px\u00bb custom_padding_tablet=\u00bb|||1px\u00bb custom_padding_phone=\u00bb|||5px\u00bb _i=\u00bb0&#8243; _address=\u00bb0.0&#8243;][et_pb_column type=\u00bb1_4&#8243; _builder_version=\u00bb3.25&#8243; custom_padding=\u00bb|50px||\u00bb custom_padding_tablet=\u00bb|0px||\u00bb custom_padding_phone=\u00bb|0px||\u00bb custom_padding_last_edited=\u00bbon|tablet\u00bb _i=\u00bb0&#8243; _address=\u00bb0.0.0&#8243; custom_padding__hover=\u00bb|||\u00bb][et_pb_sidebar area=\u00bbet_pb_widget_area_2&#8243; disabled_on=\u00bbon|on|off\u00bb admin_label=\u00bbBarra lateral vocaciones\u00bb _builder_version=\u00bb3.29.3&#8243; header_text_align=\u00bbleft\u00bb header_text_color=\u00bb#c39d63&#8243; header_font_size=\u00bb15&#8243; text_orientation=\u00bbleft\u00bb _i=\u00bb0&#8243; _address=\u00bb0.0.0.0&#8243;] [\/et_pb_sidebar][\/et_pb_column][et_pb_column type=\u00bb1_2&#8243; module_class=\u00bbcolumnaDos\u00bb _builder_version=\u00bb3.25&#8243; custom_padding=\u00bb|||\u00bb _i=\u00bb1&#8243; _address=\u00bb0.0.1&#8243; custom_padding__hover=\u00bb|||\u00bb][et_pb_post_title meta=\u00bboff\u00bb featured_image=\u00bboff\u00bb _builder_version=\u00bb3.0.106&#8243; _i=\u00bb0&#8243; [&hellip;]<\/p>\n","protected":false},"author":1,"featured_media":0,"parent":0,"menu_order":0,"comment_status":"closed","ping_status":"closed","template":"","meta":{"_et_pb_use_builder":"on","_et_pb_old_content":""},"_links":{"self":[{"href":"http:\/\/congregaciondesantacruz.cl\/new\/wp-json\/wp\/v2\/pages\/454"}],"collection":[{"href":"http:\/\/congregaciondesantacruz.cl\/new\/wp-json\/wp\/v2\/pages"}],"about":[{"href":"http:\/\/congregaciondesantacruz.cl\/new\/wp-json\/wp\/v2\/types\/page"}],"author":[{"embeddable":true,"href":"http:\/\/congregaciondesantacruz.cl\/new\/wp-json\/wp\/v2\/users\/1"}],"replies":[{"embeddable":true,"href":"http:\/\/congregaciondesantacruz.cl\/new\/wp-json\/wp\/v2\/comments?post=454"}],"version-history":[{"count":11,"href":"http:\/\/congregaciondesantacruz.cl\/new\/wp-json\/wp\/v2\/pages\/454\/revisions"}],"predecessor-version":[{"id":3091,"href":"http:\/\/congregaciondesantacruz.cl\/new\/wp-json\/wp\/v2\/pages\/454\/revisions\/3091"}],"wp:attachment":[{"href":"http:\/\/congregaciondesantacruz.cl\/new\/wp-json\/wp\/v2\/media?parent=454"}],"curies":[{"name":"wp","href":"https:\/\/api.w.org\/{rel}","templated":true}]}}