{"id":65,"date":"2018-05-29T16:17:10","date_gmt":"2018-05-29T16:17:10","guid":{"rendered":"http:\/\/congregaciondesantacruz.cl\/new\/?page_id=65"},"modified":"2021-10-22T14:45:17","modified_gmt":"2021-10-22T14:45:17","slug":"mision","status":"publish","type":"page","link":"http:\/\/congregaciondesantacruz.cl\/new\/mision\/","title":{"rendered":"Misi\u00f3n"},"content":{"rendered":"<p>[et_pb_section fb_built=\u00bb1&#8243; custom_padding_last_edited=\u00bbon|phone\u00bb admin_label=\u00bbsection\u00bb _builder_version=\u00bb3.22&#8243; custom_margin=\u00bb|||\u00bb custom_padding=\u00bb0px|||\u00bb custom_padding_tablet=\u00bb0px|||\u00bb custom_padding_phone=\u00bb0px|||\u00bb bb_built=\u00bb1&#8243; _i=\u00bb0&#8243; _address=\u00bb0&#8243;][et_pb_row custom_padding_last_edited=\u00bbon|phone\u00bb _builder_version=\u00bb3.25&#8243; custom_margin_last_edited=\u00bbon|phone\u00bb custom_padding=\u00bb|||30px\u00bb custom_padding_tablet=\u00bb|||1px\u00bb custom_padding_phone=\u00bb|||5px\u00bb _i=\u00bb0&#8243; _address=\u00bb0.0&#8243; column_structure=\u00bb1_4,1_2,1_4&#8243;][et_pb_column type=\u00bb1_4&#8243; _builder_version=\u00bb3.25&#8243; custom_padding=\u00bb|50px||\u00bb custom_padding_tablet=\u00bb|0px||\u00bb custom_padding_phone=\u00bb|0px||\u00bb custom_padding_last_edited=\u00bbon|tablet\u00bb _i=\u00bb0&#8243; _address=\u00bb0.0.0&#8243; custom_padding__hover=\u00bb|||\u00bb][et_pb_sidebar area=\u00bbet_pb_widget_area_1&#8243; disabled_on=\u00bbon|on|off\u00bb admin_label=\u00bbBarra lateral QS\u00bb _builder_version=\u00bb3.29.3&#8243; header_font=\u00bb||||||||\u00bb header_text_color=\u00bb#c39d63&#8243; header_font_size=\u00bb15px\u00bb z_index_tablet=\u00bb500&#8243; hover_enabled=\u00bb0&#8243; header_font_size_last_edited=\u00bbon|desktop\u00bb header_text_shadow_horizontal_length_tablet=\u00bb0px\u00bb header_text_shadow_vertical_length_tablet=\u00bb0px\u00bb header_text_shadow_blur_strength_tablet=\u00bb1px\u00bb body_text_shadow_horizontal_length_tablet=\u00bb0px\u00bb body_text_shadow_vertical_length_tablet=\u00bb0px\u00bb body_text_shadow_blur_strength_tablet=\u00bb1px\u00bb box_shadow_horizontal_tablet=\u00bb0px\u00bb box_shadow_vertical_tablet=\u00bb0px\u00bb box_shadow_blur_tablet=\u00bb40px\u00bb box_shadow_spread_tablet=\u00bb0px\u00bb text_shadow_horizontal_length_tablet=\u00bb0px\u00bb text_shadow_vertical_length_tablet=\u00bb0px\u00bb text_shadow_blur_strength_tablet=\u00bb1px\u00bb global_module=\u00bb383&#8243; saved_tabs=\u00bball\u00bb _i=\u00bb0&#8243; _address=\u00bb0.0.0.0&#8243;][\/et_pb_sidebar][\/et_pb_column][et_pb_column type=\u00bb1_2&#8243; module_class=\u00bbcolumnaDos\u00bb _builder_version=\u00bb3.25&#8243; custom_padding=\u00bb|||\u00bb _i=\u00bb1&#8243; _address=\u00bb0.0.1&#8243; custom_padding__hover=\u00bb|||\u00bb][et_pb_post_title meta=\u00bboff\u00bb featured_image=\u00bboff\u00bb _builder_version=\u00bb3.0.106&#8243; _i=\u00bb0&#8243; _address=\u00bb0.0.1.0&#8243;][\/et_pb_post_title][et_pb_divider color=\u00bb#c39d63&#8243; divider_weight=\u00bb3px\u00bb _builder_version=\u00bb3.2&#8243; max_width=\u00bb60px\u00bb module_alignment=\u00bbleft\u00bb height=\u00bb20px\u00bb custom_margin=\u00bb|||\u00bb custom_padding=\u00bb|||\u00bb global_module=\u00bb409&#8243; saved_tabs=\u00bball\u00bb locked=\u00bboff\u00bb _i=\u00bb1&#8243; _address=\u00bb0.0.1.1&#8243;]<\/p>\n<p>\u00a0<\/p>\n<p>[\/et_pb_divider][et_pb_text disabled_on=\u00bboff|off|off\u00bb _builder_version=\u00bb3.27.4&#8243; text_font_size_tablet=\u00bb12px\u00bb text_font_size_last_edited=\u00bbon|phone\u00bb text_line_height_phone=\u00bb1.4em\u00bb text_line_height_last_edited=\u00bbon|desktop\u00bb _i=\u00bb2&#8243; _address=\u00bb0.0.1.2&#8243;]<\/p>\n<p class=\"textos\" style=\"text-align: justify;\">La\u00a0 Congregaci\u00f3n de Santa Cruz en Chile, integrada por hermanos y sacerdotes, disc\u00edpulos y testigos de Jesucristo, en estrecha colaboraci\u00f3n con laicos, sirve a la misi\u00f3n evangelizadora de la Iglesia chilena como portadores de esperanza y abiertos a los signos de los tiempos mediante su carisma particular: proclamar el Evangelio como educadores en la fe, y optar preferencialmente por los pobres y los j\u00f3venes.<\/p>\n<p>&nbsp;<\/p>\n<p><strong><span class=\"titulos\">Visi\u00f3n y Fundamento<\/span><\/strong><\/p>\n<ol>\n<li class=\"textos\" style=\"text-align: justify;\">El P. Basilio Antonio Moreau, motivado por el Esp\u00edritu Santo, fund\u00f3 la Congregaci\u00f3n de Santa Cruz, respondiendo al llamado de servir a Cristo y a su Iglesia.\u00a0 Quiso para esta nueva obra, que sus seguidores, a trav\u00e9s de su trabajo apost\u00f3lico, fueran una comunidad de hermanos, portadores de esperanza y testigos del Reino.\u00a0 Desde nuestra llegada a Chile en 1943, hemos servido a la Iglesia, compartiendo el dolor y angustia, esperanza y alegr\u00eda del pueblo chileno. Cruzamos fronteras y establecemos\u00a0 puentes que ayudan a acercar realidades humanas.<\/li>\n<li class=\"textos\" style=\"text-align: justify;\">Motivados por el carisma y espiritualidad de Santa Cruz expresado en nuestras Constituciones, trabajamos en estrecha colaboraci\u00f3n con las Hermanas de Santa Cruz y con laicos y laicas agentes de pastoral.\u00a0 Los equipos, cargos de responsabilidad y liderazgo dentro de los apostolados muestran esta colaboraci\u00f3n, garantizan la vitalidad del carisma de Santa Cruz en nuestras obras y son un aporte al esfuerzo evangelizador en la regi\u00f3n latinoamericana de la Congregaci\u00f3n.\u00a0 Cada persona aporta talentos, sue\u00f1os y esperanzas.<\/li>\n<li class=\"textos\" style=\"text-align: justify;\">Servimos en colegios, parroquias, acci\u00f3n pastoral con familias, atenci\u00f3n a la ni\u00f1ez desprotegida y a trav\u00e9s de otros servicios de promoci\u00f3n humana y de evangelizaci\u00f3n.\u00a0 Asumimos nuestros diversos apostolados con renovado ardor y metodolog\u00eda a la luz de las orientaciones de la Iglesia para el nuevo milenio.\u00a0 Nos caracteriza una pastoral renovada y un servicio eficaz a las personas a quienes hemos sido enviados a evangelizar.<\/li>\n<li class=\"textos\" style=\"text-align: justify;\">Nos insertamos con flexibilidad en diferentes realidades sociales y eclesiales y colaboramos a favor de la justicia social, la paz, la democracia, los derechos de la persona, el desarrollo integral, la ecolog\u00eda y el medio ambiente.\u00a0 Estas tareas son llevadas a cabo con celo apost\u00f3lico, enriquecido por la diversidad de talentos, edades y nacionalidades, cuyos puntos de encuentro son la oraci\u00f3n y la vida comunitaria, descritas en las Constituciones de nuestra Congregaci\u00f3n.<\/li>\n<li class=\"textos\" style=\"text-align: justify;\">Teniendo en cuenta que la promoci\u00f3n de vocaciones es esencial para la continuidad y crecimiento de nuestra misi\u00f3n en Chile,\u00a0 invitamos a j\u00f3venes, llamados por Jesucristo, a integrarse a la vida religiosa en Santa Cruz.\u00a0 Esto es de gran importancia en todo lo que hacemos.\u00a0 Una vez unidos a nosotros, el programa de formaci\u00f3n les ayudar\u00e1 a prepararse como religiosos para la misi\u00f3n que caracteriza a la Iglesia chilena y latinoamericana.<\/li>\n<\/ol>\n<p>[\/et_pb_text][et_pb_divider color=\u00bb#c39d63&#8243; divider_weight=\u00bb3px\u00bb _builder_version=\u00bb3.2&#8243; max_width=\u00bb60px\u00bb module_alignment=\u00bbleft\u00bb height=\u00bb20px\u00bb custom_margin=\u00bb|||\u00bb custom_padding=\u00bb|||\u00bb global_module=\u00bb409&#8243; saved_tabs=\u00bball\u00bb locked=\u00bboff\u00bb _i=\u00bb1&#8243; _address=\u00bb0.0.1.1&#8243;]<\/p>\n<p>\u00a0<\/p>\n<p>[\/et_pb_divider][\/et_pb_column][et_pb_column type=\u00bb1_4&#8243; _builder_version=\u00bb3.25&#8243; custom_padding=\u00bb|||\u00bb _i=\u00bb2&#8243; _address=\u00bb0.0.2&#8243; custom_padding__hover=\u00bb|||\u00bb][et_pb_sidebar orientation=\u00bbright\u00bb area=\u00bbsidebar-1&#8243; disabled_on=\u00bbon|on|off\u00bb _builder_version=\u00bb3.29.3&#8243; header_font=\u00bb|||on|||||\u00bb header_text_color=\u00bb#c39d63&#8243; header_font_size=\u00bb15px\u00bb body_font=\u00bb||||||||\u00bb body_line_height=\u00bb1.5em\u00bb global_module=\u00bb382&#8243; saved_tabs=\u00bball\u00bb _i=\u00bb0&#8243; _address=\u00bb0.0.2.0&#8243;][\/et_pb_sidebar][\/et_pb_column][\/et_pb_row][\/et_pb_section]<\/p>\n","protected":false},"excerpt":{"rendered":"<p>[et_pb_section fb_built=\u00bb1&#8243; custom_padding_last_edited=\u00bbon|phone\u00bb admin_label=\u00bbsection\u00bb _builder_version=\u00bb3.22&#8243; custom_margin=\u00bb|||\u00bb custom_padding=\u00bb0px|||\u00bb custom_padding_tablet=\u00bb0px|||\u00bb custom_padding_phone=\u00bb0px|||\u00bb bb_built=\u00bb1&#8243; _i=\u00bb0&#8243; _address=\u00bb0&#8243;][et_pb_row custom_padding_last_edited=\u00bbon|phone\u00bb _builder_version=\u00bb3.25&#8243; custom_margin_last_edited=\u00bbon|phone\u00bb custom_padding=\u00bb|||30px\u00bb custom_padding_tablet=\u00bb|||1px\u00bb custom_padding_phone=\u00bb|||5px\u00bb _i=\u00bb0&#8243; _address=\u00bb0.0&#8243; column_structure=\u00bb1_4,1_2,1_4&#8243;][et_pb_column type=\u00bb1_4&#8243; _builder_version=\u00bb3.25&#8243; custom_padding=\u00bb|50px||\u00bb custom_padding_tablet=\u00bb|0px||\u00bb custom_padding_phone=\u00bb|0px||\u00bb custom_padding_last_edited=\u00bbon|tablet\u00bb _i=\u00bb0&#8243; _address=\u00bb0.0.0&#8243; custom_padding__hover=\u00bb|||\u00bb][et_pb_sidebar area=\u00bbet_pb_widget_area_1&#8243; disabled_on=\u00bbon|on|off\u00bb admin_label=\u00bbBarra lateral QS\u00bb _builder_version=\u00bb3.29.3&#8243; header_font=\u00bb||||||||\u00bb header_text_color=\u00bb#c39d63&#8243; header_font_size=\u00bb15px\u00bb z_index_tablet=\u00bb500&#8243; hover_enabled=\u00bb0&#8243; header_font_size_last_edited=\u00bbon|desktop\u00bb header_text_shadow_horizontal_length_tablet=\u00bb0px\u00bb header_text_shadow_vertical_length_tablet=\u00bb0px\u00bb header_text_shadow_blur_strength_tablet=\u00bb1px\u00bb body_text_shadow_horizontal_length_tablet=\u00bb0px\u00bb body_text_shadow_vertical_length_tablet=\u00bb0px\u00bb body_text_shadow_blur_strength_tablet=\u00bb1px\u00bb box_shadow_horizontal_tablet=\u00bb0px\u00bb box_shadow_vertical_tablet=\u00bb0px\u00bb box_shadow_blur_tablet=\u00bb40px\u00bb box_shadow_spread_tablet=\u00bb0px\u00bb text_shadow_horizontal_length_tablet=\u00bb0px\u00bb text_shadow_vertical_length_tablet=\u00bb0px\u00bb text_shadow_blur_strength_tablet=\u00bb1px\u00bb [&hellip;]<\/p>\n","protected":false},"author":1,"featured_media":0,"parent":0,"menu_order":0,"comment_status":"closed","ping_status":"closed","template":"","meta":{"_et_pb_use_builder":"on","_et_pb_old_content":""},"_links":{"self":[{"href":"http:\/\/congregaciondesantacruz.cl\/new\/wp-json\/wp\/v2\/pages\/65"}],"collection":[{"href":"http:\/\/congregaciondesantacruz.cl\/new\/wp-json\/wp\/v2\/pages"}],"about":[{"href":"http:\/\/congregaciondesantacruz.cl\/new\/wp-json\/wp\/v2\/types\/page"}],"author":[{"embeddable":true,"href":"http:\/\/congregaciondesantacruz.cl\/new\/wp-json\/wp\/v2\/users\/1"}],"replies":[{"embeddable":true,"href":"http:\/\/congregaciondesantacruz.cl\/new\/wp-json\/wp\/v2\/comments?post=65"}],"version-history":[{"count":41,"href":"http:\/\/congregaciondesantacruz.cl\/new\/wp-json\/wp\/v2\/pages\/65\/revisions"}],"predecessor-version":[{"id":2434,"href":"http:\/\/congregaciondesantacruz.cl\/new\/wp-json\/wp\/v2\/pages\/65\/revisions\/2434"}],"wp:attachment":[{"href":"http:\/\/congregaciondesantacruz.cl\/new\/wp-json\/wp\/v2\/media?parent=65"}],"curies":[{"name":"wp","href":"https:\/\/api.w.org\/{rel}","templated":true}]}}