{"id":75,"date":"2018-05-29T16:24:19","date_gmt":"2018-05-29T16:24:19","guid":{"rendered":"http:\/\/congregaciondesantacruz.cl\/new\/?page_id=75"},"modified":"2025-07-03T22:01:15","modified_gmt":"2025-07-03T22:01:15","slug":"espiritualidad","status":"publish","type":"page","link":"http:\/\/congregaciondesantacruz.cl\/new\/espiritualidad\/","title":{"rendered":"Espiritualidad"},"content":{"rendered":"<p>[et_pb_section fb_built=\u00bb1&#8243; custom_padding_last_edited=\u00bbon|phone\u00bb admin_label=\u00bbsection\u00bb _builder_version=\u00bb3.22&#8243; custom_margin=\u00bb|||\u00bb custom_padding=\u00bb0px|||\u00bb custom_padding_tablet=\u00bb0px|||\u00bb custom_padding_phone=\u00bb0px|||\u00bb fb_built=\u00bb1&#8243; _i=\u00bb0&#8243; _address=\u00bb0&#8243;][et_pb_row column_structure=\u00bb1_4,1_2,1_4&#8243; custom_padding_last_edited=\u00bbon|phone\u00bb _builder_version=\u00bb3.25&#8243; custom_margin_last_edited=\u00bbon|phone\u00bb custom_padding=\u00bb|||30px\u00bb custom_padding_tablet=\u00bb|||1px\u00bb custom_padding_phone=\u00bb|||5px\u00bb _i=\u00bb0&#8243; _address=\u00bb0.0&#8243;][et_pb_column type=\u00bb1_4&#8243; _builder_version=\u00bb3.25&#8243; custom_padding=\u00bb|50px||\u00bb custom_padding_tablet=\u00bb|0px||\u00bb custom_padding_phone=\u00bb|0px||\u00bb custom_padding_last_edited=\u00bbon|tablet\u00bb padding_phone=\u00bb|0px||\u00bb padding_tablet=\u00bb|0px||\u00bb padding_last_edited=\u00bbon|tablet\u00bb padding_right=\u00bb50px\u00bb _i=\u00bb0&#8243; _address=\u00bb0.0.0&#8243; custom_padding__hover=\u00bb|||\u00bb][et_pb_sidebar area=\u00bbet_pb_widget_area_1&#8243; admin_label=\u00bbBarra lateral QS\u00bb _builder_version=\u00bb3.0.106&#8243; header_text_align=\u00bbleft\u00bb header_text_color=\u00bb#c39d63&#8243; header_font_size=\u00bb15&#8243; text_orientation=\u00bbleft\u00bb _i=\u00bb0&#8243; _address=\u00bb0.0.0.0&#8243;][\/et_pb_sidebar][\/et_pb_column][et_pb_column type=\u00bb1_2&#8243; module_class=\u00bbcolumnaDos\u00bb _builder_version=\u00bb3.25&#8243; custom_padding=\u00bb|||\u00bb _i=\u00bb1&#8243; _address=\u00bb0.0.1&#8243; custom_padding__hover=\u00bb|||\u00bb][et_pb_post_title meta=\u00bboff\u00bb featured_image=\u00bboff\u00bb _builder_version=\u00bb3.0.106&#8243; _i=\u00bb0&#8243; _address=\u00bb0.0.1.0&#8243;][\/et_pb_post_title][et_pb_divider color=\u00bb#c39d63&#8243; divider_weight=\u00bb3px\u00bb _builder_version=\u00bb3.2&#8243; max_width=\u00bb60px\u00bb module_alignment=\u00bbleft\u00bb height=\u00bb20px\u00bb custom_margin=\u00bb|||\u00bb custom_padding=\u00bb|||\u00bb global_module=\u00bb409&#8243; saved_tabs=\u00bball\u00bb locked=\u00bboff\u00bb _i=\u00bb1&#8243; _address=\u00bb0.0.1.1&#8243;]<\/p>\n<p>\u00a0<\/p>\n<p>[\/et_pb_divider][et_pb_text disabled_on=\u00bboff|off|off\u00bb _builder_version=\u00bb3.29.3&#8243; text_font=\u00bb||||||||\u00bb text_orientation=\u00bbjustified\u00bb hover_enabled=\u00bb0&#8243; text_font_size_tablet=\u00bb12px\u00bb text_font_size_last_edited=\u00bbon|phone\u00bb text_line_height_tablet=\u00bb1.5em\u00bb text_line_height_phone=\u00bb1.4em\u00bb text_line_height_last_edited=\u00bbon|tablet\u00bb _i=\u00bb2&#8243; _address=\u00bb0.0.1.2&#8243;]La Congregaci\u00f3n de la Santa Cruz toma su espiritualidad y carisma de su fundador, el Beato Basile Moreau, quien, en reconocimiento a la ejemplaridad de su vida, fue beatificado el 15 de septiembre de 2007.<\/p>\n<p>Como hombre de celo apost\u00f3lico, Moreau se centr\u00f3 en la misi\u00f3n que Jesucristo hab\u00eda confiado a la Iglesia. Al tiempo que enfatizaba la necesidad de la santidad personal, Moreau se ve\u00eda a s\u00ed mismo y a su familia religiosa, como ap\u00f3stoles que deb\u00edan ser enviados por el Se\u00f1or en nombre de su evangelio. Es con este impulso misionero que los primeros misioneros de Santa Cruz salieron de Francia y llegaron a Chile en 1943 y a Per\u00fa en 1973.<\/p>\n<p>En particular, el Esp\u00edritu Santo inspir\u00f3 a Moreau a fundar la Congregaci\u00f3n para ser enviados como educadores en la fe. Este es nuestro carisma. Por eso, \u201cDondequiera que trabajemos\u201d ya sea en nuestros colegios, parroquias, ministerios familiares u obras sociales, \u201cayudamos a los dem\u00e1s no solamente a reconocer y desarrollar sus propios dones, sino tambi\u00e9n a reconocer las aspiraciones m\u00e1s profundas de su vida\u201d (2,16). Buscamos educar en la fe desarrollando la mente; cultivando el coraz\u00f3n; encendiendo el celo por el servicio y la solidaridad, alentando la esperanza en la cruz y uniendo a los dem\u00e1s como familia.<\/p>\n<p>Como hombre de amplios estudios y profunda piedad, Moreau tuvo muchas influencias espirituales. Aprendi\u00f3 la Escuela Francesa de Espiritualidad en el seminario sulpiciano; fue un \u00e1vido estudioso de San Ignacio de Loyola y de sus Ejercicios Espirituales; y se convirti\u00f3 en un estrecho amigo y colaborador del abad benedictino y liturgista, Dom Gueranger.<\/p>\n<p>Aunque la espiritualidad que Moreau transmiti\u00f3 a la Congregaci\u00f3n refleja estas diversas influencias, su fundamento es la cruz de Cristo. Ave Crux Spes Unica -Salve la cruz nuestra \u00fanica esperanza- es el lema que Moreau eligi\u00f3 para la Congregaci\u00f3n.<\/p>\n<p>Es una realidad que hemos vivido en carne y hueso aqu\u00ed en Am\u00e9rica Latina, acompa\u00f1ando al Pueblo de Dios en estas tierras, con todos sus sufrimientos y luchas. \u201cComo ellos, estamos agobiados por las mismas luchas, estamos acosados por las mismas flaquezas; como ellos, somos renovados por el mismo amor del Se\u00f1or; como ellos, esperamos un mundo donde prevalezcan la justicia y el amor\u201d (2,12). Es as\u00ed, en solidaridad y con una opci\u00f3n preferencial por los pobres, que esperamos ser verdaderos educadores en la fe y hombres portadores de esperanza.<\/p>\n<p>Para ayudar a sostener su Congregaci\u00f3n, Moreau entreg\u00f3 a sus religiosos, hermanos y hermanas, como una familia de fe. Tambi\u00e9n model\u00f3 la Congregaci\u00f3n sobre la Sagrada Familia de Jes\u00fas, Mar\u00eda y Jos\u00e9 y nos consagr\u00f3 a ellos como nuestros patrones.<\/p>\n<p>Compartimos, difundimos e inculcamos este mismo esp\u00edritu familiar, en todas nuestras obras apost\u00f3licas; en la esperanza de construir, caminando junto a nuestros colaboradores laicos, \u201ccomunidades del reino venidero\u201d (2,12).<\/p>\n<p><strong>LA DIVINA PROVIDENCIA<\/strong><\/p>\n<p>Para el Beato Basilio \u00a0Moreau todo comienza, se sostiene y alcanza su plenitud en la iniciativa amorosa y fiel de Dios, es decir, en lo que \u00e9l llamaba constantemente\u00a0 \u201cLA DIVINA PROVIDENCIA\u201d. Por eso uno de sus textos b\u00edblicos favoritos era el Romanos 8,28 \u201cDios dispone todas las cosas para el bien de quienes lo aman\u201d.<\/p>\n<p>Sin esta convicci\u00f3n fundamental, \u00e9l no habr\u00eda fundado la Congregaci\u00f3n, y tampoco nosotros podr\u00edamos recorrer este camino.\u00a0 As\u00ed fue como pese a las muchas adversidades presentes en el tiempo de la fundaci\u00f3n de Santa Cruz en 1837; persecuci\u00f3n a la Iglesia, pobreza y divisiones, nuestro fundador siempre confi\u00f3 el designio amoroso de Dios.<\/p>\n<p>Esta verdad fundamental de nuestra fe es para nosotros un pilar que nos permite entregarnos por entero a la vez que sabemos que todo depende de la fidelidad amorosa de Dios, de la \u201cDIVINA PROVIDENCIA\u201d, sin la cual nuestros fr\u00e1giles esfuerzos perder\u00edan su vitalidad y su sentido.<\/p>\n<p>Confiar en la \u201cDIVINA PROVIDENCIA\u201d es confiar en que Dios est\u00e1 siempre presente en nuestras vidas, y que \u00e9l la suscita, la orienta y la protege, a veces de maneras misteriosas, por medio de personas, acontecimientos y situaciones de nuestra historia.<\/p>\n<p><strong>LA CRUZ NUESTRA \u00daNICA ESPERANZA:<\/strong><\/p>\n<p>Nuestra fidelidad a Dios, como la de Cristo mismo, a menudo trae consigo el dolor y la cruz, pero junto con Cristo estamos seguros tambi\u00e9n de que nos conducen a la resurrecci\u00f3n.\u00a0 Es el camino de Jes\u00fas y el camino del Evangelio.<\/p>\n<p>Este es otro de los pilares para desarrollar nuestra espiritualidad. Pilar que nuestro fundador experiment\u00f3 en su vida, y que nos leg\u00f3 en el lema de nuestra congregaci\u00f3n: \u201cLA CRUZ NUESTRA UNICA ESPERANZA\u201d, lema simbolizado por nuestro escudo con la Cruz y las Anclas, ya que las anclas eran para la Iglesia primitiva s\u00edmbolo de seguridad por ello de esperanza.\u00a0 \u00a0Por ello adem\u00e1s dej\u00f3 a Nuestra Se\u00f1ora de los Dolores, a la Madre al pie de la Cruz, como nuestra patrona y protectora.<\/p>\n<p>El dolor y la muerte son una parte de nuestra vida que nos pesa, y nuestra espiritualidad nos llama a reconocer y enfrentar esa realidad.\u00a0 Sin embargo, desde la Cruz de Cristo, sabemos que junto a ellos viene la resurrecci\u00f3n y el crecimiento.\u00a0 Vivimos, como Cristo una existencia pascual, en la cual, el dolor y una vida nueva, se entremezclan en un tejido que nos conduce al encuentro pleno con Dios en nuestra resurrecci\u00f3n.<\/p>\n<p>Es la l\u00f3gica del Evangelio que choca con la l\u00f3gica de nuestra sociedad de consumo, y que solo puede ser entendida desde la sencillez del que se reconoce necesitado del amor de Dios y de los dem\u00e1s.\u00a0 Es un aparente sin sentido del dolor y de la Cruz, pero desde la fe podemos afirmar con Basilio Moreau que: \u201ctoda ense\u00f1anza de Evangelio se resume en el conocimiento de la locura de la Cruz\u201d (Carta Circular 79 de 1857).<\/p>\n<p><strong>LA MISION<\/strong><\/p>\n<p>Como cristianos tenemos en la fe en Cristo resucitado, un tesoro que no podemos esconder.\u00a0 El Beato Basilio Moreau, lo sab\u00eda claramente, y por eso hizo de Santa Cruz una comunidad apost\u00f3lica, una comunidad de misi\u00f3n y servicio.\u00a0 Un servicio que sabiendo de la fragilidad de la obra que fundaba, a la vez se apoyaba en su profunda fe en la divina providencia, lo que hac\u00eda actuar confiado en el constante apoyo del Se\u00f1or.\u00a0 As\u00ed a solo 5 a\u00f1os de la fundaci\u00f3n de la Congregaci\u00f3n, pese a la escasez de recursos humanos y materiales, desde Francia se enviaron misioneros a \u00c1frica, Am\u00e9rica y Asia.<\/p>\n<p>Basilio Moreau hablaba con insistencia de la necesidad de un verdadero \u201ccelo apost\u00f3lico\u201d, un \u201cdeseo abrasador\u201d de que \u201cDios sea conocido amado y servido\u201d.\u00a0 Es la fe que se traduce en acci\u00f3n y se dirige al bien de los dem\u00e1s.<\/p>\n<p>Este es otro de los pilares de nuestra espiritualidad. Queremos\u00a0 recorrer este camino de fe, e invitar a otros a hacerlo desde el servicio.\u00a0 Como comunidad sabemos que el servicio y la misi\u00f3n\u00a0 son un llamado a todos los cristianos, y por eso desde un comienzo el Beato\u00a0 Moreau, quiso que laicos y religiosos trabajaran muy unidos en el apostolado, y ello en un \u00e9poca en que el rol del laico en la Iglesia era restringido a una funci\u00f3n m\u00e1s pasiva.\u00a0 As\u00ed en la actualidad nuestras Constituciones nos recuerdan que: \u201cNuestro compromiso invita a nuestros hermanos y hermanas en la fe a responder a su vocaci\u00f3n, y es una manera concreta de trabajar con ellos por la difusi\u00f3n del Evangelio y con todas las personas por el desarrollo de una sociedad m\u00e1s justa y humana.\u201d (Constituci\u00f3n 1 n.7) En Santa Cruz no hay aut\u00e9ntica comunidad que no tenga una misi\u00f3n.<\/p>\n<p>Como Congregaci\u00f3n nuestro servicio se dirige: \u201cde una manera preferente a los pobres y oprimidos, a quienes vemos no solo como servidores, sino como sus pr\u00f3jimos, para estar con ellos y ser de ellos\u201d (Constituci\u00f3n 2 N 13).\u00a0 A esto nos animan nuestras Constituciones, y es expresi\u00f3n de nuestra espiritualidad desde nuestros or\u00edgenes.<\/p>\n<p>Era el deseo del Padre Moreau que los miembros de Santa Cruz, como seguidores de Cristo, dieran preferencia al servicio a los m\u00e1s pobres en todos sus apostolados, y m\u00e1s aun en su \u00e9poca \u00e9l ya hablaba de un \u201camor preferencial por ellos\u201d (Pedago\u00eda Cristiana P. 10), que como Congregaci\u00f3n queremos renovar cada d\u00eda, en especial en Am\u00e9rica Latina.<\/p>\n<p><strong>LA COMUNIDAD<\/strong><\/p>\n<p>\u201cNuestro llamado es para servir al Se\u00f1or Jes\u00fas en la misi\u00f3n, no como individuos independientes, sino como fraternidad (Constituci\u00f3n 4 N\u00ba33).\u00a0 As\u00ed, la comunidad pasa a ser para nosotros otro pilar fundamental de nuestra espiritualidad.<\/p>\n<p>La importancia que la comunidad ten\u00eda para el P. Moreau lo llevo a tener a la Sagrada Familia como modelo fundacional de nuestra Congregaci\u00f3n.\u00a0 Para \u00e9l no pod\u00eda haber autentica misi\u00f3n\u00a0 en Santa Cruz sin comunidad, y quiso fundar una congregaci\u00f3n compuesta por hermanos, hermanas y sacerdotes en igualdad de derechos y dignidad.\u00a0 Juntos en una misma misi\u00f3n y comunidad, cada uno aportando desde sus propios dones y ministerios.<\/p>\n<p>La comunidad, es para nosotros no solo la forma como queremos vivir la misi\u00f3n, sino que en la medida en que vivimos la fraternidad, la acogida y la hospitalidad, que nuestro fundador tanto deseaba, la comunidad misma pasa a ser testimonio y parte de la misi\u00f3n. Adem\u00e1s, reconoci\u00e9ndonos necesitados de apoyo, de desaf\u00edo y de cari\u00f1o, sabemos que \u201cnuestra vida comunitaria aviva la fe que hace de nuestro trabajo un ministerio y no meramente un empleo.\u201d (Const. 4 N\u00ba33).<\/p>\n<p>Ser familia marca nuestra forma de vivir y trabajar, de vivir la autoridad y la obediencia.\u00a0 Queremos que entre nosotros, a ejemplo de la Sagrada Familia, haya una profunda unidad que se alimente de nuestra diversidad.\u00a0 As\u00ed, hay entre nosotros, y entre aquellos con quienes caminamos, diferencias de razas, sexo, edad, nacionalidad, origen social, culturas e ideolog\u00edas. Y estas constituyen para nosotros riquezas entre las cuales queremos tender el puente de la fe.\u00a0 Por eso nos dice nuestro fundador que debe existir entre nosotros \u201cLa misma interdependencia que existe entre las ramas de un \u00e1rbol y su tronco, entre los rayos del sol y su fuego, entre un arroyo y su fuente\u201d. (Carta Circular N\u00aa14 de 1841).<\/p>\n<p>Como lo manifiestan aquellos que nos conocen, en Santa Cruz somos muy distintos, frente a la uniformidad queremos hacer brotar la tolerancia, y ante la divisi\u00f3n, la unidad profunda de corazones.\u00a0 Antes que una compa\u00f1\u00eda somos una familia abierta que quiere seguir creciendo cada d\u00eda, y por eso los invitamos a que caminemos junto a Santa Cruz en las huellas de Jes\u00fas.[\/et_pb_text][et_pb_divider color=\u00bb#c39d63&#8243; divider_weight=\u00bb3px\u00bb _builder_version=\u00bb3.2&#8243; max_width=\u00bb60px\u00bb module_alignment=\u00bbleft\u00bb height=\u00bb20px\u00bb custom_margin=\u00bb|||\u00bb custom_padding=\u00bb|||\u00bb global_module=\u00bb409&#8243; saved_tabs=\u00bball\u00bb locked=\u00bboff\u00bb _i=\u00bb1&#8243; _address=\u00bb0.0.1.1&#8243;]<\/p>\n<p>\u00a0<\/p>\n<p>[\/et_pb_divider][\/et_pb_column][et_pb_column type=\u00bb1_4&#8243; _builder_version=\u00bb3.25&#8243; custom_padding=\u00bb|||\u00bb _i=\u00bb2&#8243; _address=\u00bb0.0.2&#8243; custom_padding__hover=\u00bb|||\u00bb][et_pb_sidebar orientation=\u00bbright\u00bb area=\u00bbsidebar-1&#8243; disabled_on=\u00bbon|on|off\u00bb _builder_version=\u00bb3.29.3&#8243; header_font=\u00bb|||on|||||\u00bb header_text_color=\u00bb#c39d63&#8243; header_font_size=\u00bb15px\u00bb body_font=\u00bb||||||||\u00bb body_line_height=\u00bb1.5em\u00bb global_module=\u00bb382&#8243; saved_tabs=\u00bball\u00bb _i=\u00bb0&#8243; _address=\u00bb0.0.2.0&#8243;][\/et_pb_sidebar][\/et_pb_column][\/et_pb_row][\/et_pb_section]<\/p>\n","protected":false},"excerpt":{"rendered":"<p>[et_pb_section fb_built=\u00bb1&#8243; custom_padding_last_edited=\u00bbon|phone\u00bb admin_label=\u00bbsection\u00bb _builder_version=\u00bb3.22&#8243; custom_margin=\u00bb|||\u00bb custom_padding=\u00bb0px|||\u00bb custom_padding_tablet=\u00bb0px|||\u00bb custom_padding_phone=\u00bb0px|||\u00bb fb_built=\u00bb1&#8243; _i=\u00bb0&#8243; _address=\u00bb0&#8243;][et_pb_row column_structure=\u00bb1_4,1_2,1_4&#8243; custom_padding_last_edited=\u00bbon|phone\u00bb _builder_version=\u00bb3.25&#8243; custom_margin_last_edited=\u00bbon|phone\u00bb custom_padding=\u00bb|||30px\u00bb custom_padding_tablet=\u00bb|||1px\u00bb custom_padding_phone=\u00bb|||5px\u00bb _i=\u00bb0&#8243; _address=\u00bb0.0&#8243;][et_pb_column type=\u00bb1_4&#8243; _builder_version=\u00bb3.25&#8243; custom_padding=\u00bb|50px||\u00bb custom_padding_tablet=\u00bb|0px||\u00bb custom_padding_phone=\u00bb|0px||\u00bb custom_padding_last_edited=\u00bbon|tablet\u00bb padding_phone=\u00bb|0px||\u00bb padding_tablet=\u00bb|0px||\u00bb padding_last_edited=\u00bbon|tablet\u00bb padding_right=\u00bb50px\u00bb _i=\u00bb0&#8243; _address=\u00bb0.0.0&#8243; custom_padding__hover=\u00bb|||\u00bb][et_pb_sidebar area=\u00bbet_pb_widget_area_1&#8243; admin_label=\u00bbBarra lateral QS\u00bb _builder_version=\u00bb3.0.106&#8243; header_text_align=\u00bbleft\u00bb header_text_color=\u00bb#c39d63&#8243; header_font_size=\u00bb15&#8243; text_orientation=\u00bbleft\u00bb _i=\u00bb0&#8243; _address=\u00bb0.0.0.0&#8243;][\/et_pb_sidebar][\/et_pb_column][et_pb_column type=\u00bb1_2&#8243; module_class=\u00bbcolumnaDos\u00bb _builder_version=\u00bb3.25&#8243; custom_padding=\u00bb|||\u00bb _i=\u00bb1&#8243; _address=\u00bb0.0.1&#8243; custom_padding__hover=\u00bb|||\u00bb][et_pb_post_title meta=\u00bboff\u00bb featured_image=\u00bboff\u00bb _builder_version=\u00bb3.0.106&#8243; [&hellip;]<\/p>\n","protected":false},"author":1,"featured_media":0,"parent":0,"menu_order":0,"comment_status":"closed","ping_status":"closed","template":"","meta":{"_et_pb_use_builder":"on","_et_pb_old_content":""},"_links":{"self":[{"href":"http:\/\/congregaciondesantacruz.cl\/new\/wp-json\/wp\/v2\/pages\/75"}],"collection":[{"href":"http:\/\/congregaciondesantacruz.cl\/new\/wp-json\/wp\/v2\/pages"}],"about":[{"href":"http:\/\/congregaciondesantacruz.cl\/new\/wp-json\/wp\/v2\/types\/page"}],"author":[{"embeddable":true,"href":"http:\/\/congregaciondesantacruz.cl\/new\/wp-json\/wp\/v2\/users\/1"}],"replies":[{"embeddable":true,"href":"http:\/\/congregaciondesantacruz.cl\/new\/wp-json\/wp\/v2\/comments?post=75"}],"version-history":[{"count":9,"href":"http:\/\/congregaciondesantacruz.cl\/new\/wp-json\/wp\/v2\/pages\/75\/revisions"}],"predecessor-version":[{"id":3088,"href":"http:\/\/congregaciondesantacruz.cl\/new\/wp-json\/wp\/v2\/pages\/75\/revisions\/3088"}],"wp:attachment":[{"href":"http:\/\/congregaciondesantacruz.cl\/new\/wp-json\/wp\/v2\/media?parent=75"}],"curies":[{"name":"wp","href":"https:\/\/api.w.org\/{rel}","templated":true}]}}