{"id":71,"date":"2018-05-29T16:21:49","date_gmt":"2018-05-29T16:21:49","guid":{"rendered":"http:\/\/congregaciondesantacruz.cl\/new\/?page_id=71"},"modified":"2021-10-22T15:16:50","modified_gmt":"2021-10-22T15:16:50","slug":"preguntas-frecuentes","status":"publish","type":"page","link":"https:\/\/congregaciondesantacruz.cl\/new\/preguntas-frecuentes\/","title":{"rendered":"Preguntas Frecuentes"},"content":{"rendered":"<p>[et_pb_section fb_built=\u00bb1&#8243; custom_padding_last_edited=\u00bbon|phone\u00bb admin_label=\u00bbsection\u00bb _builder_version=\u00bb3.22&#8243; custom_margin=\u00bb|||\u00bb custom_padding=\u00bb0px|||\u00bb custom_padding_tablet=\u00bb0px|||\u00bb custom_padding_phone=\u00bb0px|||\u00bb bb_built=\u00bb1&#8243; _i=\u00bb0&#8243; _address=\u00bb0&#8243;][et_pb_row custom_padding_last_edited=\u00bbon|phone\u00bb _builder_version=\u00bb3.25&#8243; custom_margin_last_edited=\u00bbon|phone\u00bb custom_padding=\u00bb|||30px\u00bb custom_padding_tablet=\u00bb|||1px\u00bb custom_padding_phone=\u00bb|||5px\u00bb _i=\u00bb0&#8243; _address=\u00bb0.0&#8243; column_structure=\u00bb1_4,1_2,1_4&#8243;][et_pb_column type=\u00bb1_4&#8243; _builder_version=\u00bb3.0.47&#8243; custom_padding=\u00bb|50px||\u00bb custom_padding_tablet=\u00bb|0px||\u00bb custom_padding_phone=\u00bb|0px||\u00bb custom_padding_last_edited=\u00bbon|tablet\u00bb padding_phone=\u00bb|0px||\u00bb padding_tablet=\u00bb|0px||\u00bb padding_last_edited=\u00bbon|tablet\u00bb padding_right=\u00bb50px\u00bb custom_padding__hover=\u00bb|||\u00bb _i=\u00bb0&#8243; _address=\u00bb0.0.0&#8243;][et_pb_sidebar area=\u00bbet_pb_widget_area_4&#8243; disabled_on=\u00bbon|on|off\u00bb admin_label=\u00bbBarra lateral vocaciones\u00bb _builder_version=\u00bb3.29.3&#8243; header_text_align=\u00bbleft\u00bb header_text_color=\u00bb#c39d63&#8243; header_font_size=\u00bb15&#8243; text_orientation=\u00bbleft\u00bb hover_enabled=\u00bb0&#8243; _i=\u00bb0&#8243; _address=\u00bb0.0.0.0&#8243;][\/et_pb_sidebar][\/et_pb_column][et_pb_column type=\u00bb1_2&#8243; module_class=\u00bbcolumnaDos\u00bb _builder_version=\u00bb3.0.47&#8243; custom_padding=\u00bb|||\u00bb custom_padding__hover=\u00bb|||\u00bb _i=\u00bb1&#8243; _address=\u00bb0.0.1&#8243;][et_pb_post_title meta=\u00bboff\u00bb featured_image=\u00bboff\u00bb _builder_version=\u00bb3.0.106&#8243; _i=\u00bb0&#8243; _address=\u00bb0.0.1.0&#8243;][\/et_pb_post_title][et_pb_divider color=\u00bb#c39d63&#8243; divider_weight=\u00bb3px\u00bb _builder_version=\u00bb3.2&#8243; max_width=\u00bb60px\u00bb module_alignment=\u00bbleft\u00bb height=\u00bb20px\u00bb custom_margin=\u00bb|||\u00bb custom_padding=\u00bb|||\u00bb global_module=\u00bb409&#8243; saved_tabs=\u00bball\u00bb locked=\u00bboff\u00bb text_orientation=\u00bbleft\u00bb _i=\u00bb1&#8243; _address=\u00bb0.0.1.1&#8243;]<\/p>\n<p>\u00a0<\/p>\n<p>[\/et_pb_divider][et_pb_text disabled_on=\u00bboff|off|off\u00bb _builder_version=\u00bb3.29.3&#8243; z_index_tablet=\u00bb500&#8243; text_font_size_tablet=\u00bb12px\u00bb text_font_size_last_edited=\u00bbon|phone\u00bb text_line_height_tablet=\u00bb1.5em\u00bb text_line_height_phone=\u00bb1.4em\u00bb text_line_height_last_edited=\u00bbon|tablet\u00bb text_text_shadow_horizontal_length_tablet=\u00bb0px\u00bb text_text_shadow_vertical_length_tablet=\u00bb0px\u00bb text_text_shadow_blur_strength_tablet=\u00bb1px\u00bb link_text_shadow_horizontal_length_tablet=\u00bb0px\u00bb link_text_shadow_vertical_length_tablet=\u00bb0px\u00bb link_text_shadow_blur_strength_tablet=\u00bb1px\u00bb ul_text_shadow_horizontal_length_tablet=\u00bb0px\u00bb ul_text_shadow_vertical_length_tablet=\u00bb0px\u00bb ul_text_shadow_blur_strength_tablet=\u00bb1px\u00bb ol_text_shadow_horizontal_length_tablet=\u00bb0px\u00bb ol_text_shadow_vertical_length_tablet=\u00bb0px\u00bb ol_text_shadow_blur_strength_tablet=\u00bb1px\u00bb quote_text_shadow_horizontal_length_tablet=\u00bb0px\u00bb quote_text_shadow_vertical_length_tablet=\u00bb0px\u00bb quote_text_shadow_blur_strength_tablet=\u00bb1px\u00bb header_text_shadow_horizontal_length_tablet=\u00bb0px\u00bb header_text_shadow_vertical_length_tablet=\u00bb0px\u00bb header_text_shadow_blur_strength_tablet=\u00bb1px\u00bb header_2_text_shadow_horizontal_length_tablet=\u00bb0px\u00bb header_2_text_shadow_vertical_length_tablet=\u00bb0px\u00bb header_2_text_shadow_blur_strength_tablet=\u00bb1px\u00bb header_3_text_shadow_horizontal_length_tablet=\u00bb0px\u00bb header_3_text_shadow_vertical_length_tablet=\u00bb0px\u00bb header_3_text_shadow_blur_strength_tablet=\u00bb1px\u00bb header_4_text_shadow_horizontal_length_tablet=\u00bb0px\u00bb header_4_text_shadow_vertical_length_tablet=\u00bb0px\u00bb header_4_text_shadow_blur_strength_tablet=\u00bb1px\u00bb header_5_text_shadow_horizontal_length_tablet=\u00bb0px\u00bb header_5_text_shadow_vertical_length_tablet=\u00bb0px\u00bb header_5_text_shadow_blur_strength_tablet=\u00bb1px\u00bb header_6_text_shadow_horizontal_length_tablet=\u00bb0px\u00bb header_6_text_shadow_vertical_length_tablet=\u00bb0px\u00bb header_6_text_shadow_blur_strength_tablet=\u00bb1px\u00bb box_shadow_horizontal_tablet=\u00bb0px\u00bb box_shadow_vertical_tablet=\u00bb0px\u00bb box_shadow_blur_tablet=\u00bb40px\u00bb box_shadow_spread_tablet=\u00bb0px\u00bb _i=\u00bb2&#8243; _address=\u00bb0.0.1.2&#8243;]<\/p>\n<p><a name=\"arriba\"><\/a><\/p>\n<table class=\"textos\" border=\"0\" width=\"572\" cellspacing=\"0\" cellpadding=\"0\" align=\"center\">\n<tbody>\n<tr>\n<td valign=\"top\" width=\"572\" height=\"230\"><strong>1.- <a href=\"#1\">\u00bfC\u00f3mo puedo saber si tengo una vocaci\u00f3n como sacerdote o hermano?<\/a><br \/>2.- <a href=\"#2\">Si no estoy seguro: \u00bfQu\u00e9 puedo hacer para poner a prueba mi vocaci\u00f3n?<\/a><br \/>3.-<a href=\"#3\"> \u00bfC\u00f3mo es el programa de formaci\u00f3n que lleva a la ordenaci\u00f3n o consagraci\u00f3n?<\/a><br \/>4.-<a href=\"#4\"> \u00bfC\u00f3mo\u00a0 es la vida en la casa de formaci\u00f3n? <\/a><br \/>5.- <a href=\"#5\">\u00bfCu\u00e1l es el proceso de aplicaci\u00f3n?<\/a><br \/>6.- <a href=\"#6\">\u00bfCu\u00e1les son los criterios de admisi\u00f3n?<\/a><br \/>7.- <a href=\"#7\">\u00bfCu\u00e1les son los plazos de solicitud? <\/a><br \/>8.- <a href=\"#8\">Siento que no soy digno. \u00bfC\u00f3mo puedo estar seguro?<\/a><\/strong><\/p>\n<hr noshade=\"noshade\" size=\"1\" \/>\n<p><a name=\"1\"><\/a><\/p>\n<ol>\n<li><strong> \u00bfC\u00f3mo puedo saber si tengo una vocaci\u00f3n como sacerdote o hermano?<\/strong><\/li>\n<\/ol>\n<p>Nadie sabe a ciencia cierta sin mucha oraci\u00f3n, reflexi\u00f3n y buen discernimiento. Esto incluye conversar con personas que conoces y conf\u00edas. Hay algunos signos que son buenos puntos de referencia. Si respondes s\u00ed a la mayor\u00eda de las frases a continuaci\u00f3n, debes hablar con un director de vocaciones o buscar o seguir con direcci\u00f3n espiritual.<\/p>\n<ul>\n<li>Otras personas te dicen que ser\u00edas un buen sacerdote o hermano.<\/li>\n<li>Tu vida de oraci\u00f3n es cada vez mejor.<\/li>\n<li>Est\u00e1s asistiendo con m\u00e1s frecuencia a la Misa y los sacramentos.<\/li>\n<li>Est\u00e1s pasando m\u00e1s tiempo en la Iglesia y \/ o actividades relacionadas con el servicio.<\/li>\n<li>Te puedes imaginar a ti mismo: predicando, ense\u00f1ando, o celebrando los sacramentos.<\/li>\n<li>Te encuentras argumentando en contra de la idea de una vocaci\u00f3n, pero no sale la idea de tu cabeza.<\/li>\n<li>Tienes otras buenas opciones, pero te preguntas si te arrepentir\u00e1s alg\u00fan d\u00eda si no das a la vida religiosa una oportunidad.<\/li>\n<\/ul>\n<p><a href=\"#arriba\">Volver al principio<\/a><\/p>\n<hr noshade=\"noshade\" size=\"1\" \/>\n<p><a id=\"2\" name=\"2\"><\/a><br \/><strong>2. Si no estoy seguro: \u00bfQu\u00e9 puedo hacer para poner a prueba mi vocaci\u00f3n? <\/strong><\/p>\n<ol>\n<li>Orar, orar, orar.<\/li>\n<li>Ir a misa todos los d\u00edas que sea posible.<\/li>\n<li>Participar como voluntario en tu parroquia o en la pastoral en la universidad. \u00bfTe gusta hacer esto? \u00bfEs cada vez m\u00e1s atractivo la idea de hacer del servicio cristiano un proyecto de toda la vida?<\/li>\n<li>Buscar orientaci\u00f3n de un director espiritual, un sacerdote, hermano o hermana con la que puedas conversar sobre tu itinerario espiritual. Hablar con tu familia y amigos que te conozcan mejor.<\/li>\n<li>\u00a0Tratar otras cosas. Conseguir trabajos en las carreras que te atraigan. Si est\u00e1s pensando en solicitar un empleo o hacer un posgrado, podr\u00edas escribir un ensayo sobre por qu\u00e9 quieres hacer esas cosas para ver si suena convincente para ti? \u00bfEst\u00e1 tu coraz\u00f3n m\u00e1s inclinado hacia estas cosas o para servir a Dios como a un hermano o sacerdote?<\/li>\n<\/ol>\n<p><a href=\"#arriba\">Volver al principio<\/a><\/p>\n<hr noshade=\"noshade\" size=\"1\" \/>\n<p><a id=\"3\" name=\"3\"><\/a><br \/>3. \u00bfC\u00f3mo es el programa de formaci\u00f3n que lleva a la ordenaci\u00f3n o consagraci\u00f3n?<\/p>\n<p><strong>Postulantado:<\/strong>\u00a0Este programa es de uno o dos a\u00f1os, y ofrece un lugar, un programa y\u00a0una disciplina para discernir la vocaci\u00f3n cristiana y para prepararse a tomar una decisi\u00f3n de unirse a la Congregaci\u00f3n de Santa Cruz.\u00a0 El Objetivo Principal en esta etapa es: Discernir el llamado a la vida religiosa en Santa Cruz como sacerdote o hermano, y decidir el pr\u00f3ximo paso hacia su incorporaci\u00f3n en la Congregaci\u00f3n.<\/p>\n<p><strong>Noviciado:<\/strong>\u00a0<em>\u201cEl noviciado es el comienzo de la vida en la Congregaci\u00f3n. A los novicios se les ayuda a formarse a s\u00ed mismos en la meditaci\u00f3n y la oraci\u00f3n, en los servicios mutuos de la vida com\u00fan, en el servicio apost\u00f3lico, y en el conocimiento de la historia y de la espiritualidad, car\u00e1cter y misi\u00f3n de Santa Cruz. En suma, se les desaf\u00eda y ayuda a abrir sus corazones al Evangelio, a vivir bajo el mismo techo con otros y a crear una fraternidad de disc\u00edpulos. Constituye su aprendizaje en el celibato, la pobreza, la obediencia.\u201d<\/em>\u00a0 (Constituci\u00f3n 6,5) Normalmente el Noviciado dura un a\u00f1o.<\/p>\n<p><strong>Votos Temporales:<\/strong>\u00a0El post-noviciado es una oportunidad para el formando de continuar profundizando en el llamado a la vida religiosa e ir recibiendo una preparaci\u00f3n acad\u00e9mica y pastoral que le permitan posteriormente entregarse en una vida religiosa activa ya sea como hermano o sacerdote en la Congregaci\u00f3n de Santa Cruz. A todos los miembros se les proporciona formaci\u00f3n teol\u00f3gica y pastoral para el ministerio laical u ordenado. En este per\u00edodo, la madurez, buen juicio y generosidad requeridos para la misi\u00f3n son cultivados y evaluados. Habr\u00e1 un programa especial para el formando que se prepara a solicitar votos finales en la Congregaci\u00f3n.<\/p>\n<p><strong>Diaconado:<\/strong>\u00a0Para los religiosos que sienten llamado al ministerio sacerdotal, durar\u00e1 ordinariamente alrededor de un a\u00f1o y se prepara para la ordenaci\u00f3n sacerdotal.<\/p>\n<p><strong>Formaci\u00f3n Cont\u00ednua:<\/strong>\u00a0<em>\u201cSe piensa frecuentemente que nuestra formaci\u00f3n es m\u00e1s extensa cuando somos principiantes. Pero, a menudo, nuestras experiencias m\u00e1s radicales y formativas nos sorprenden ya avanzados en la edad adulta. Cuando hemos recorrido el camino de la experiencia y responsabilidad adultas, podemos entender y aceptar mejor un auto examen profundo, el cuestionamiento de nuestras arraigadas suposiciones y ambiciones y una mayor iniciaci\u00f3n en Cristo. Una manera muy \u00fatil de compartir esa formaci\u00f3n permanente la constituyen los programas de renovaci\u00f3n continua en la comunidad<\/em>\u00ab. (C. 76) \u00a1Dura toda la vida!<\/p>\n<p><a href=\"#arriba\">Volver al principio<\/a><\/p>\n<hr noshade=\"noshade\" size=\"1\" \/>\n<p><a id=\"4\" name=\"4\"><\/a><br \/>4. \u00bfC\u00f3mo es la vida en la casa de formaci\u00f3n?<\/p>\n<p>En la Casa de Formaci\u00f3n, el programa diario se estructura en torno a la celebraci\u00f3n de la Eucarist\u00eda, la oraci\u00f3n comunitaria, y la oraci\u00f3n personal. La oraci\u00f3n diaria es la base de un sacerdote o la vida de un hermano. Los que est\u00e1n en formaci\u00f3n normalmente siguen un programa de estudios filos\u00f3ficos o teol\u00f3gicos, as\u00ed que mucha de la atenci\u00f3n se centra en lo acad\u00e9mico. Adem\u00e1s, hay reuniones regulares con el personal de formaci\u00f3n, la direcci\u00f3n espiritual, las obligaciones de la comunidad, y talleres de vez en cuando. Una casa de formaci\u00f3n es esencialmente una casa de oraci\u00f3n, estudio y formaci\u00f3n para la vida religiosa y la vida de servicio.<\/p>\n<p><a href=\"#arriba\">Volver al principio <\/a><\/p>\n<hr noshade=\"noshade\" size=\"1\" \/>\n<p><a id=\"5\" name=\"5\"><\/a><br \/>5. \u00bfQu\u00e9 debo hacer si tengo inter\u00e9s en ser religioso de Santa Cruz?<\/p>\n<p>Cualquier persona interesada debe llamarnos a la Oficina de Vocaciones (56-2-22770830) o escribirnos v\u00eda esta p\u00e1gina WEB o\u00a0a nuestro correo electr\u00f3nico:\u00a0<a href=\"mailto:vocacionescsc@gmail.com\">vocacionescsc@gmail.com<\/a><\/p>\n<p>Te contactaremos desde la oficina de Vocaciones para explorar la posibilidad que participes en la etapa previa al ingreso que se llama\u00a0<strong>\u201cPrepostulantado\u201d.\u00a0<\/strong>\u00a0Es una etapa de acercamiento a la Congregaci\u00f3n para conocerla y una etapa de discernimiento para ayudarte a saber si Dios te llama a una vida religiosa en Santa Cruz.\u00a0 Esta etapa puede durar varios meses hasta un a\u00f1o.\u00a0 Uno sigue viviendo en su casa y realizando sus actividades normales. Ofrecemos tambi\u00e9n durante este per\u00edodo retiros espirituales para apoyarte en tu discernimiento.<\/p>\n<p><a href=\"#arriba\">Volver al principio<\/a><\/p>\n<hr noshade=\"noshade\" size=\"1\" \/>\n<p><a id=\"6\" name=\"6\"><\/a><br \/>6. \u00bfCu\u00e1les son los criterios de admisi\u00f3n?<\/p>\n<ul>\n<li>\n<p>La siguiente es una breve lista. Los candidatos deben acreditar lo siguiente:<\/p>\n<ul>\n<li>Tener una recta intenci\u00f3n.<\/li>\n<li>Demostrar motivaci\u00f3n de los valores del\u00a0Evangelio y una opci\u00f3n por el seguimiento a Jes\u00fas.<\/li>\n<li>Tener un compromiso con la Iglesia.<\/li>\n<li>Tener una salud f\u00edsica y ps\u00edquica compatible con la vida religiosa.<\/li>\n<li>Haber terminado su educaci\u00f3n secundaria.<\/li>\n<li>Estar libres de deudas significativas.<\/li>\n<li>Tener capacidad intelectual, liderazgo y capacidad de vivir en comunidad.<\/li>\n<li>La capacidad demostrada de vivir fielmente los votos religiosos.<\/li>\n<li>Presentar oportunamente toda la documentaci\u00f3n requerida.<\/li>\n<li>Estar libre de impedimentos can\u00f3nicos y otros posibles motivos de descalificaci\u00f3n moral o jur\u00eddica, por ejemplo, tener antecedentes penales, obligaciones legales o personales, conducta sexual inapropiada.<\/li>\n<\/ul>\n<\/li>\n<\/ul>\n<p><a href=\"#arriba\">Volver al principio<\/a><\/p>\n<hr noshade=\"noshade\" size=\"1\" \/>\n<p><a id=\"7\" name=\"7\"><\/a><br \/>7. \u00bfCu\u00e1les son los plazos de solicitud?<\/p>\n<p>Las fechas de postulaci\u00f3n e ingreso al programa son en Marzo y Julio de cada a\u00f1o.<\/p>\n<p><a href=\"#arriba\">Volver al principio<\/a><\/p>\n<hr noshade=\"noshade\" size=\"1\" \/>\n<p><a id=\"8\" name=\"8\"><\/a><br \/>8. Siento que no soy digno. \u00bfC\u00f3mo puedo estar seguro?<\/p>\n<p>Nadie es digno, pero una persona que se siente llamado por Dios a la vida religiosa, debe tomarlo muy en serio. Habla con las personas cercanas a ti, busca el consejo u orientaci\u00f3n de personas religiosas, y ora sobre el asunto con seriedad. Un director de vocaciones tambi\u00e9n te puede ayudar. En lugar de s\u00f3lo pensar en ello, ponte en contacto con nosotros. Estamos aqu\u00ed para ayudarte tomar la decisi\u00f3n correcta.<\/p>\n<p><a href=\"#arriba\">Volver al principio<\/a><\/p>\n<\/td>\n<\/tr>\n<\/tbody>\n<\/table>\n<p>[\/et_pb_text][et_pb_divider color=\u00bb#c39d63&#8243; divider_weight=\u00bb3px\u00bb _builder_version=\u00bb3.2&#8243; max_width=\u00bb60px\u00bb module_alignment=\u00bbleft\u00bb height=\u00bb20px\u00bb custom_margin=\u00bb|||\u00bb custom_padding=\u00bb|||\u00bb global_module=\u00bb409&#8243; saved_tabs=\u00bball\u00bb locked=\u00bboff\u00bb text_orientation=\u00bbleft\u00bb _i=\u00bb1&#8243; _address=\u00bb0.0.1.1&#8243;]<\/p>\n<p>\u00a0<\/p>\n<p>[\/et_pb_divider][\/et_pb_column][et_pb_column type=\u00bb1_4&#8243; _builder_version=\u00bb3.0.47&#8243; custom_padding=\u00bb|||\u00bb custom_padding__hover=\u00bb|||\u00bb _i=\u00bb2&#8243; _address=\u00bb0.0.2&#8243;][et_pb_sidebar orientation=\u00bbright\u00bb area=\u00bbsidebar-1&#8243; disabled_on=\u00bbon|on|off\u00bb _builder_version=\u00bb3.29.3&#8243; header_font=\u00bb|||on|||||\u00bb header_text_color=\u00bb#c39d63&#8243; header_font_size=\u00bb15px\u00bb body_font=\u00bb||||||||\u00bb body_line_height=\u00bb1.5em\u00bb global_module=\u00bb382&#8243; saved_tabs=\u00bball\u00bb _i=\u00bb0&#8243; _address=\u00bb0.0.2.0&#8243;][\/et_pb_sidebar][\/et_pb_column][\/et_pb_row][\/et_pb_section]<\/p>\n","protected":false},"excerpt":{"rendered":"<p>[et_pb_section fb_built=\u00bb1&#8243; custom_padding_last_edited=\u00bbon|phone\u00bb admin_label=\u00bbsection\u00bb _builder_version=\u00bb3.22&#8243; custom_margin=\u00bb|||\u00bb custom_padding=\u00bb0px|||\u00bb custom_padding_tablet=\u00bb0px|||\u00bb custom_padding_phone=\u00bb0px|||\u00bb bb_built=\u00bb1&#8243; _i=\u00bb0&#8243; _address=\u00bb0&#8243;][et_pb_row custom_padding_last_edited=\u00bbon|phone\u00bb _builder_version=\u00bb3.25&#8243; custom_margin_last_edited=\u00bbon|phone\u00bb custom_padding=\u00bb|||30px\u00bb custom_padding_tablet=\u00bb|||1px\u00bb custom_padding_phone=\u00bb|||5px\u00bb _i=\u00bb0&#8243; _address=\u00bb0.0&#8243; column_structure=\u00bb1_4,1_2,1_4&#8243;][et_pb_column type=\u00bb1_4&#8243; _builder_version=\u00bb3.0.47&#8243; custom_padding=\u00bb|50px||\u00bb custom_padding_tablet=\u00bb|0px||\u00bb custom_padding_phone=\u00bb|0px||\u00bb custom_padding_last_edited=\u00bbon|tablet\u00bb padding_phone=\u00bb|0px||\u00bb padding_tablet=\u00bb|0px||\u00bb padding_last_edited=\u00bbon|tablet\u00bb padding_right=\u00bb50px\u00bb custom_padding__hover=\u00bb|||\u00bb _i=\u00bb0&#8243; _address=\u00bb0.0.0&#8243;][et_pb_sidebar area=\u00bbet_pb_widget_area_4&#8243; disabled_on=\u00bbon|on|off\u00bb admin_label=\u00bbBarra lateral vocaciones\u00bb _builder_version=\u00bb3.29.3&#8243; header_text_align=\u00bbleft\u00bb header_text_color=\u00bb#c39d63&#8243; header_font_size=\u00bb15&#8243; text_orientation=\u00bbleft\u00bb hover_enabled=\u00bb0&#8243; _i=\u00bb0&#8243; _address=\u00bb0.0.0.0&#8243;][\/et_pb_sidebar][\/et_pb_column][et_pb_column type=\u00bb1_2&#8243; module_class=\u00bbcolumnaDos\u00bb _builder_version=\u00bb3.0.47&#8243; custom_padding=\u00bb|||\u00bb custom_padding__hover=\u00bb|||\u00bb _i=\u00bb1&#8243; _address=\u00bb0.0.1&#8243;][et_pb_post_title meta=\u00bboff\u00bb [&hellip;]<\/p>\n","protected":false},"author":1,"featured_media":0,"parent":0,"menu_order":0,"comment_status":"closed","ping_status":"closed","template":"","meta":{"_et_pb_use_builder":"on","_et_pb_old_content":""},"_links":{"self":[{"href":"https:\/\/congregaciondesantacruz.cl\/new\/wp-json\/wp\/v2\/pages\/71"}],"collection":[{"href":"https:\/\/congregaciondesantacruz.cl\/new\/wp-json\/wp\/v2\/pages"}],"about":[{"href":"https:\/\/congregaciondesantacruz.cl\/new\/wp-json\/wp\/v2\/types\/page"}],"author":[{"embeddable":true,"href":"https:\/\/congregaciondesantacruz.cl\/new\/wp-json\/wp\/v2\/users\/1"}],"replies":[{"embeddable":true,"href":"https:\/\/congregaciondesantacruz.cl\/new\/wp-json\/wp\/v2\/comments?post=71"}],"version-history":[{"count":8,"href":"https:\/\/congregaciondesantacruz.cl\/new\/wp-json\/wp\/v2\/pages\/71\/revisions"}],"predecessor-version":[{"id":2454,"href":"https:\/\/congregaciondesantacruz.cl\/new\/wp-json\/wp\/v2\/pages\/71\/revisions\/2454"}],"wp:attachment":[{"href":"https:\/\/congregaciondesantacruz.cl\/new\/wp-json\/wp\/v2\/media?parent=71"}],"curies":[{"name":"wp","href":"https:\/\/api.w.org\/{rel}","templated":true}]}}